{"id":28,"date":"2025-10-24T22:15:17","date_gmt":"2025-10-24T20:15:17","guid":{"rendered":"https:\/\/admin.freundeskreis-raumhelios.de\/?page_id=28"},"modified":"2025-10-24T22:15:17","modified_gmt":"2025-10-24T20:15:17","slug":"impressum","status":"publish","type":"page","link":"https:\/\/admin.freundeskreis-raumhelios.de\/?page_id=28","title":{"rendered":"Impressum"},"content":{"rendered":"\n<p><strong>Angaben gem\u00e4\u00df \u00a7 5 TMG (Telemediengesetz) &amp; \u00a7 55 RStV (Rundfunkstaatsvertrag):<\/strong><\/p>\n\n\n\n<p>Freundeskreis Raum Helios e.V.<br>St\u00fcbchentalstr.\u202f35<br>38667\u202fBad\u202fHarzburg<\/p>\n\n\n\n<p>E-Mail:&nbsp;<a href=\"mailto:info@freundeskreis-raumhelios.de\">info@freundeskreis-raumhelios.de<\/a><\/p>\n\n\n\n<p><strong>Vertreten durch:<\/strong><br>Den Vorstand gem\u00e4\u00df Vereinsregister.<\/p>\n\n\n\n<p><strong>Vereinsregister:<\/strong><br>Eingetragen beim Amtsgericht Braunschweig.<br>Vereinsregisternummer: VR201886<\/p>\n\n\n\n<p><strong>Verantwortlich f\u00fcr den Inhalt nach \u00a7 55 Abs. 2 RStV:<\/strong><br>Freundeskreis Raum Helios e.V.<br>Vorsitzende:r gem\u00e4\u00df Vereinsregister.<\/p>\n\n\n\n<hr class=\"wp-block-separator has-alpha-channel-opacity\"\/>\n\n\n\n<p><strong>Haftungsausschluss<\/strong><\/p>\n\n\n\n<p>Die Inhalte dieser Webseite wurden mit gr\u00f6\u00dftm\u00f6glicher Sorgfalt erstellt. F\u00fcr die Richtigkeit, Vollst\u00e4ndigkeit und Aktualit\u00e4t der Inhalte \u00fcbernehmen wir jedoch keine Gew\u00e4hr.<\/p>\n\n\n\n<hr class=\"wp-block-separator has-alpha-channel-opacity\"\/>\n\n\n\n<p><strong>Hinweis auf EU-Streitschlichtung<\/strong><\/p>\n\n\n\n<p>Wir sind nicht bereit oder verpflichtet, an Streitbeilegungsverfahren vor einer Verbraucherschlichtungsstelle teilzunehmen.<\/p>\n","protected":false},"excerpt":{"rendered":"<p>Angaben gem\u00e4\u00df \u00a7 5 TMG (Telemediengesetz) &amp; \u00a7 55 RStV (Rundfunkstaatsvertrag): Freundeskreis Raum Helios e.V.St\u00fcbchentalstr.\u202f3538667\u202fBad\u202fHarzburg E-Mail:&nbsp;info@freundeskreis-raumhelios.de Vertreten durch:Den Vorstand gem\u00e4\u00df Vereinsregister. Vereinsregister:Eingetragen beim Amtsgericht Braunschweig.Vereinsregisternummer: VR201886 Verantwortlich f\u00fcr den Inhalt nach \u00a7 55 Abs. 2 RStV:Freundeskreis Raum Helios e.V.Vorsitzende:r gem\u00e4\u00df Vereinsregister. Haftungsausschluss Die Inhalte dieser Webseite wurden mit gr\u00f6\u00dftm\u00f6glicher Sorgfalt erstellt. F\u00fcr die Richtigkeit, Vollst\u00e4ndigkeit [&hellip;]<\/p>\n","protected":false},"author":1,"featured_media":0,"parent":0,"menu_order":0,"comment_status":"closed","ping_status":"closed","template":"","meta":{"footnotes":""},"class_list":["post-28","page","type-page","status-publish","hentry"],"_links":{"self":[{"href":"https:\/\/admin.freundeskreis-raumhelios.de\/index.php?rest_route=\/wp\/v2\/pages\/28","targetHints":{"allow":["GET"]}}],"collection":[{"href":"https:\/\/admin.freundeskreis-raumhelios.de\/index.php?rest_route=\/wp\/v2\/pages"}],"about":[{"href":"https:\/\/admin.freundeskreis-raumhelios.de\/index.php?rest_route=\/wp\/v2\/types\/page"}],"author":[{"embeddable":true,"href":"https:\/\/admin.freundeskreis-raumhelios.de\/index.php?rest_route=\/wp\/v2\/users\/1"}],"replies":[{"embeddable":true,"href":"https:\/\/admin.freundeskreis-raumhelios.de\/index.php?rest_route=%2Fwp%2Fv2%2Fcomments&post=28"}],"version-history":[{"count":2,"href":"https:\/\/admin.freundeskreis-raumhelios.de\/index.php?rest_route=\/wp\/v2\/pages\/28\/revisions"}],"predecessor-version":[{"id":30,"href":"https:\/\/admin.freundeskreis-raumhelios.de\/index.php?rest_route=\/wp\/v2\/pages\/28\/revisions\/30"}],"wp:attachment":[{"href":"https:\/\/admin.freundeskreis-raumhelios.de\/index.php?rest_route=%2Fwp%2Fv2%2Fmedia&parent=28"}],"curies":[{"name":"wp","href":"https:\/\/api.w.org\/{rel}","templated":true}]}}